{"id":14081,"date":"2018-04-24T15:57:20","date_gmt":"2018-04-24T18:57:20","guid":{"rendered":"https:\/\/goodcheertrail.com\/about\/"},"modified":"2021-05-26T15:51:20","modified_gmt":"2021-05-26T18:51:20","slug":"about","status":"publish","type":"page","link":"https:\/\/goodcheertrail.com\/fr\/about\/","title":{"rendered":"\u00c0 propos"},"content":{"rendered":"","protected":false},"excerpt":{"rendered":"","protected":false},"author":5,"featured_media":0,"parent":0,"menu_order":0,"comment_status":"closed","ping_status":"closed","template":"","meta":{"_acf_changed":false,"footnotes":""},"class_list":["post-14081","page","type-page","status-publish","hentry"],"acf":[],"yoast_head":"<!-- This site is optimized with the Yoast SEO plugin v27.3 - https:\/\/yoast.com\/product\/yoast-seo-wordpress\/ -->\n<title>\u00c0 propos - Nova Scotia Good Cheer Trail<\/title>\n<meta name=\"description\" content=\"Cr\u00e9\u00e9 en respectant les traditions familiales m\u00ealant histoire et innovation, le Good Cheer Trail est un barom\u00e8tre du pass\u00e9, du pr\u00e9sent et du futur de la Nouvelle-\u00c9cosse.\" \/>\n<meta name=\"robots\" content=\"index, follow, max-snippet:-1, max-image-preview:large, max-video-preview:-1\" \/>\n<link rel=\"canonical\" href=\"https:\/\/goodcheertrail.com\/fr\/about\/\" \/>\n<meta property=\"og:locale\" content=\"fr_FR\" \/>\n<meta property=\"og:type\" content=\"article\" \/>\n<meta property=\"og:title\" content=\"\u00c0 propos - Nova Scotia Good Cheer Trail\" \/>\n<meta property=\"og:description\" content=\"Cr\u00e9\u00e9 en respectant les traditions familiales m\u00ealant histoire et innovation, le Good Cheer Trail est un barom\u00e8tre du pass\u00e9, du pr\u00e9sent et du futur de la Nouvelle-\u00c9cosse.\" \/>\n<meta property=\"og:url\" content=\"https:\/\/goodcheertrail.com\/fr\/about\/\" \/>\n<meta property=\"og:site_name\" content=\"Nova Scotia Good Cheer Trail\" \/>\n<meta property=\"article:publisher\" content=\"https:\/\/www.facebook.com\/TasteofNS\/\" \/>\n<meta property=\"article:modified_time\" content=\"2021-05-26T18:51:20+00:00\" \/>\n<meta property=\"og:image\" content=\"https:\/\/goodcheertrail.com\/wp-content\/uploads\/2018\/04\/EXCELLERATOR-DEVOUR-THE-VINES-1-PAR_2259-Edit.tif-1600x1068.jpg\" \/>\n\t<meta property=\"og:image:width\" content=\"1600\" \/>\n\t<meta property=\"og:image:height\" content=\"1068\" \/>\n\t<meta property=\"og:image:type\" content=\"image\/jpeg\" \/>\n<meta name=\"twitter:card\" content=\"summary_large_image\" \/>\n<meta name=\"twitter:site\" content=\"@tasteofns\" \/>\n<script type=\"application\/ld+json\" class=\"yoast-schema-graph\">{\"@context\":\"https:\\\/\\\/schema.org\",\"@graph\":[{\"@type\":\"WebPage\",\"@id\":\"https:\\\/\\\/goodcheertrail.com\\\/fr\\\/about\\\/\",\"url\":\"https:\\\/\\\/goodcheertrail.com\\\/fr\\\/about\\\/\",\"name\":\"\u00c0 propos - Nova Scotia Good Cheer Trail\",\"isPartOf\":{\"@id\":\"https:\\\/\\\/goodcheertrail.com\\\/fr\\\/#website\"},\"datePublished\":\"2018-04-24T18:57:20+00:00\",\"dateModified\":\"2021-05-26T18:51:20+00:00\",\"description\":\"Cr\u00e9\u00e9 en respectant les traditions familiales m\u00ealant histoire et innovation, le Good Cheer Trail est un barom\u00e8tre du pass\u00e9, du pr\u00e9sent et du futur de la Nouvelle-\u00c9cosse.\",\"breadcrumb\":{\"@id\":\"https:\\\/\\\/goodcheertrail.com\\\/fr\\\/about\\\/#breadcrumb\"},\"inLanguage\":\"fr-FR\",\"potentialAction\":[{\"@type\":\"ReadAction\",\"target\":[\"https:\\\/\\\/goodcheertrail.com\\\/fr\\\/about\\\/\"]}]},{\"@type\":\"BreadcrumbList\",\"@id\":\"https:\\\/\\\/goodcheertrail.com\\\/fr\\\/about\\\/#breadcrumb\",\"itemListElement\":[{\"@type\":\"ListItem\",\"position\":1,\"name\":\"Home\",\"item\":\"https:\\\/\\\/goodcheertrail.com\\\/fr\\\/\"},{\"@type\":\"ListItem\",\"position\":2,\"name\":\"\u00c0 propos\"}]},{\"@type\":\"WebSite\",\"@id\":\"https:\\\/\\\/goodcheertrail.com\\\/fr\\\/#website\",\"url\":\"https:\\\/\\\/goodcheertrail.com\\\/fr\\\/\",\"name\":\"Nova Scotia Good Cheer Trail\",\"description\":\"\",\"publisher\":{\"@id\":\"https:\\\/\\\/goodcheertrail.com\\\/fr\\\/#organization\"},\"potentialAction\":[{\"@type\":\"SearchAction\",\"target\":{\"@type\":\"EntryPoint\",\"urlTemplate\":\"https:\\\/\\\/goodcheertrail.com\\\/fr\\\/?s={search_term_string}\"},\"query-input\":{\"@type\":\"PropertyValueSpecification\",\"valueRequired\":true,\"valueName\":\"search_term_string\"}}],\"inLanguage\":\"fr-FR\"},{\"@type\":\"Organization\",\"@id\":\"https:\\\/\\\/goodcheertrail.com\\\/fr\\\/#organization\",\"name\":\"Nova Scotia Good Cheer Trail\",\"url\":\"https:\\\/\\\/goodcheertrail.com\\\/fr\\\/\",\"logo\":{\"@type\":\"ImageObject\",\"inLanguage\":\"fr-FR\",\"@id\":\"https:\\\/\\\/goodcheertrail.com\\\/fr\\\/#\\\/schema\\\/logo\\\/image\\\/\",\"url\":\"https:\\\/\\\/goodcheertrail.com\\\/wp-content\\\/uploads\\\/2018\\\/05\\\/good-cheer-trail-logo.png\",\"contentUrl\":\"https:\\\/\\\/goodcheertrail.com\\\/wp-content\\\/uploads\\\/2018\\\/05\\\/good-cheer-trail-logo.png\",\"width\":340,\"height\":340,\"caption\":\"Nova Scotia Good Cheer Trail\"},\"image\":{\"@id\":\"https:\\\/\\\/goodcheertrail.com\\\/fr\\\/#\\\/schema\\\/logo\\\/image\\\/\"},\"sameAs\":[\"https:\\\/\\\/www.facebook.com\\\/TasteofNS\\\/\",\"https:\\\/\\\/x.com\\\/tasteofns\",\"https:\\\/\\\/www.instagram.com\\\/goodcheertrail\\\/\"]}]}<\/script>\n<!-- \/ Yoast SEO plugin. -->","yoast_head_json":{"title":"\u00c0 propos - Nova Scotia Good Cheer Trail","description":"Cr\u00e9\u00e9 en respectant les traditions familiales m\u00ealant histoire et innovation, le Good Cheer Trail est un barom\u00e8tre du pass\u00e9, du pr\u00e9sent et du futur de la Nouvelle-\u00c9cosse.","robots":{"index":"index","follow":"follow","max-snippet":"max-snippet:-1","max-image-preview":"max-image-preview:large","max-video-preview":"max-video-preview:-1"},"canonical":"https:\/\/goodcheertrail.com\/fr\/about\/","og_locale":"fr_FR","og_type":"article","og_title":"\u00c0 propos - Nova Scotia Good Cheer Trail","og_description":"Cr\u00e9\u00e9 en respectant les traditions familiales m\u00ealant histoire et innovation, le Good Cheer Trail est un barom\u00e8tre du pass\u00e9, du pr\u00e9sent et du futur de la Nouvelle-\u00c9cosse.","og_url":"https:\/\/goodcheertrail.com\/fr\/about\/","og_site_name":"Nova Scotia Good Cheer Trail","article_publisher":"https:\/\/www.facebook.com\/TasteofNS\/","article_modified_time":"2021-05-26T18:51:20+00:00","og_image":[{"width":1600,"height":1068,"url":"https:\/\/goodcheertrail.com\/wp-content\/uploads\/2018\/04\/EXCELLERATOR-DEVOUR-THE-VINES-1-PAR_2259-Edit.tif-1600x1068.jpg","type":"image\/jpeg"}],"twitter_card":"summary_large_image","twitter_site":"@tasteofns","schema":{"@context":"https:\/\/schema.org","@graph":[{"@type":"WebPage","@id":"https:\/\/goodcheertrail.com\/fr\/about\/","url":"https:\/\/goodcheertrail.com\/fr\/about\/","name":"\u00c0 propos - Nova Scotia Good Cheer Trail","isPartOf":{"@id":"https:\/\/goodcheertrail.com\/fr\/#website"},"datePublished":"2018-04-24T18:57:20+00:00","dateModified":"2021-05-26T18:51:20+00:00","description":"Cr\u00e9\u00e9 en respectant les traditions familiales m\u00ealant histoire et innovation, le Good Cheer Trail est un barom\u00e8tre du pass\u00e9, du pr\u00e9sent et du futur de la Nouvelle-\u00c9cosse.","breadcrumb":{"@id":"https:\/\/goodcheertrail.com\/fr\/about\/#breadcrumb"},"inLanguage":"fr-FR","potentialAction":[{"@type":"ReadAction","target":["https:\/\/goodcheertrail.com\/fr\/about\/"]}]},{"@type":"BreadcrumbList","@id":"https:\/\/goodcheertrail.com\/fr\/about\/#breadcrumb","itemListElement":[{"@type":"ListItem","position":1,"name":"Home","item":"https:\/\/goodcheertrail.com\/fr\/"},{"@type":"ListItem","position":2,"name":"\u00c0 propos"}]},{"@type":"WebSite","@id":"https:\/\/goodcheertrail.com\/fr\/#website","url":"https:\/\/goodcheertrail.com\/fr\/","name":"Nova Scotia Good Cheer Trail","description":"","publisher":{"@id":"https:\/\/goodcheertrail.com\/fr\/#organization"},"potentialAction":[{"@type":"SearchAction","target":{"@type":"EntryPoint","urlTemplate":"https:\/\/goodcheertrail.com\/fr\/?s={search_term_string}"},"query-input":{"@type":"PropertyValueSpecification","valueRequired":true,"valueName":"search_term_string"}}],"inLanguage":"fr-FR"},{"@type":"Organization","@id":"https:\/\/goodcheertrail.com\/fr\/#organization","name":"Nova Scotia Good Cheer Trail","url":"https:\/\/goodcheertrail.com\/fr\/","logo":{"@type":"ImageObject","inLanguage":"fr-FR","@id":"https:\/\/goodcheertrail.com\/fr\/#\/schema\/logo\/image\/","url":"https:\/\/goodcheertrail.com\/wp-content\/uploads\/2018\/05\/good-cheer-trail-logo.png","contentUrl":"https:\/\/goodcheertrail.com\/wp-content\/uploads\/2018\/05\/good-cheer-trail-logo.png","width":340,"height":340,"caption":"Nova Scotia Good Cheer Trail"},"image":{"@id":"https:\/\/goodcheertrail.com\/fr\/#\/schema\/logo\/image\/"},"sameAs":["https:\/\/www.facebook.com\/TasteofNS\/","https:\/\/x.com\/tasteofns","https:\/\/www.instagram.com\/goodcheertrail\/"]}]}},"_links":{"self":[{"href":"https:\/\/goodcheertrail.com\/fr\/wp-json\/wp\/v2\/pages\/14081","targetHints":{"allow":["GET"]}}],"collection":[{"href":"https:\/\/goodcheertrail.com\/fr\/wp-json\/wp\/v2\/pages"}],"about":[{"href":"https:\/\/goodcheertrail.com\/fr\/wp-json\/wp\/v2\/types\/page"}],"author":[{"embeddable":true,"href":"https:\/\/goodcheertrail.com\/fr\/wp-json\/wp\/v2\/users\/5"}],"replies":[{"embeddable":true,"href":"https:\/\/goodcheertrail.com\/fr\/wp-json\/wp\/v2\/comments?post=14081"}],"version-history":[{"count":0,"href":"https:\/\/goodcheertrail.com\/fr\/wp-json\/wp\/v2\/pages\/14081\/revisions"}],"wp:attachment":[{"href":"https:\/\/goodcheertrail.com\/fr\/wp-json\/wp\/v2\/media?parent=14081"}],"curies":[{"name":"wp","href":"https:\/\/api.w.org\/{rel}","templated":true}]}}