{"id":14076,"date":"2017-04-20T11:09:00","date_gmt":"2017-04-20T14:09:00","guid":{"rendered":"https:\/\/goodcheertrail.com\/trails\/"},"modified":"2021-05-26T15:12:17","modified_gmt":"2021-05-26T18:12:17","slug":"trails","status":"publish","type":"page","link":"https:\/\/goodcheertrail.com\/fr\/trails\/","title":{"rendered":"[FR] Trails"},"content":{"rendered":"<div class=\"trail-description\"><a title=\"Nova Scotia Good Cheer Trail\" href=\"https:\/\/goodcheertrail.com\/trails\/goodcheer\/\" rel=\"bookmark\"><br>\n<img loading=\"lazy\" decoding=\"async\" class=\"aligncenter size-full wp-image-1465\" src=\"https:\/\/goodcheertrail.com\/wp-content\/uploads\/2017\/05\/logo_goodcheer.png\" alt=\"Good Cheer Trail Logo\" width=\"700\" height=\"700\" srcset=\"https:\/\/goodcheertrail.com\/wp-content\/uploads\/2017\/05\/logo_goodcheer.png 700w, https:\/\/goodcheertrail.com\/wp-content\/uploads\/2017\/05\/logo_goodcheer-200x200.png 200w, https:\/\/goodcheertrail.com\/wp-content\/uploads\/2017\/05\/logo_goodcheer-400x400.png 400w\" sizes=\"auto, (max-width: 700px) 100vw, 700px\" \/><br>\n<\/a><\/p>\n<h2 class=\"c-goodcheer\">What Will You Tap Into?<\/h2>\n<h3 class=\"c-goodcheer\">Beer | Cider | Spirits | Wine<\/h3>\n<p class=\"intro-text\"><strong class=\"t-upper\">What will you tap into?<\/strong> Hop on <strong>Nova Scotia&#8217;s Good Cheer Trail<\/strong> to find out! Gather your stamps at trail stops featuring tours, tastings, and special events. From tasting this year&#8217;s vintage of Tidal Bay wines, to learning how craft beer is made. or sampling single malt whiskey straight from the cask, the Good Cheer Trail offers a mix of education and adventure all over the province.<\/p>\n<\/div>\n<div class=\"trail-description\"><a title=\"Nova Scotia Seafood Trail\" href=\"https:\/\/goodcheertrail.com\/trails\/seafood\/\" rel=\"bookmark\"><br>\n<img loading=\"lazy\" decoding=\"async\" class=\"aligncenter size-full wp-image-1465\" src=\"https:\/\/goodcheertrail.com\/wp-content\/uploads\/2017\/05\/logo_seafood.png\" alt=\"Seafood Trails Logo\" width=\"700\" height=\"700\"><br>\n<\/a><\/p>\n<h2 class=\"c-seafood\">What Will You Crack Open?<\/h2>\n<h3 class=\"c-seafood\">Chowder | Lobster | Oysters | Fish &amp; Chips<\/h3>\n<p class=\"intro-text\"><strong class=\"t-upper\">What will you crack open on Nova Scotia&#8217;s Seafood Trails<\/strong> Experience the province&#8217;s seafood like never before, with trail stops at restaurants and retail shops. It doesn&#8217;t get any fresher than this! Whether it&#8217;s a stop on the <strong>Chowder Trail<\/strong>, <strong>Lobster Trail<\/strong>, <strong>Oyster Trail<\/strong>, or <strong>Fish &amp; Chips Trail<\/strong>, it&#8217;s time to let adventure out of its shell and truly get a taste of Nova Scotia.<\/p>\n<\/div>\n","protected":false},"excerpt":{"rendered":"What Will You Tap Into? Beer | Cider | Spirits | Wine What will you tap into? Hop on Nova Scotia&#8217;s Good Cheer Trail to find out! Gather your stamps [&hellip;]","protected":false},"author":5,"featured_media":0,"parent":0,"menu_order":2,"comment_status":"closed","ping_status":"closed","template":"","meta":{"_acf_changed":false,"footnotes":""},"class_list":["post-14076","page","type-page","status-publish","hentry"],"acf":[],"yoast_head":"<!-- This site is optimized with the Yoast SEO plugin v27.3 - https:\/\/yoast.com\/product\/yoast-seo-wordpress\/ -->\n<title>[FR] Trails - Nova Scotia Good Cheer Trail<\/title>\n<meta name=\"description\" content=\"Cr\u00e9\u00e9 en respectant les traditions familiales m\u00ealant histoire et innovation, le Good Cheer Trail est un barom\u00e8tre du pass\u00e9, du pr\u00e9sent et du futur de la Nouvelle-\u00c9cosse.\" \/>\n<meta name=\"robots\" content=\"noindex, follow\" \/>\n<meta property=\"og:locale\" content=\"fr_FR\" \/>\n<meta property=\"og:type\" content=\"article\" \/>\n<meta property=\"og:title\" content=\"[FR] Trails - Nova Scotia Good Cheer Trail\" \/>\n<meta property=\"og:description\" content=\"Cr\u00e9\u00e9 en respectant les traditions familiales m\u00ealant histoire et innovation, le Good Cheer Trail est un barom\u00e8tre du pass\u00e9, du pr\u00e9sent et du futur de la Nouvelle-\u00c9cosse.\" \/>\n<meta property=\"og:url\" content=\"https:\/\/goodcheertrail.com\/fr\/trails\/\" \/>\n<meta property=\"og:site_name\" content=\"Nova Scotia Good Cheer Trail\" \/>\n<meta property=\"article:publisher\" content=\"https:\/\/www.facebook.com\/TasteofNS\/\" \/>\n<meta property=\"article:modified_time\" content=\"2021-05-26T18:12:17+00:00\" \/>\n<meta property=\"og:image\" content=\"https:\/\/goodcheertrail.com\/wp-content\/uploads\/2017\/05\/logo_goodcheer.png\" \/>\n<meta name=\"twitter:card\" content=\"summary_large_image\" \/>\n<meta name=\"twitter:site\" content=\"@tasteofns\" \/>\n<meta name=\"twitter:label1\" content=\"Est. reading time\" \/>\n\t<meta name=\"twitter:data1\" content=\"1 minute\" \/>\n<script type=\"application\/ld+json\" class=\"yoast-schema-graph\">{\"@context\":\"https:\\\/\\\/schema.org\",\"@graph\":[{\"@type\":\"WebPage\",\"@id\":\"https:\\\/\\\/goodcheertrail.com\\\/fr\\\/trails\\\/\",\"url\":\"https:\\\/\\\/goodcheertrail.com\\\/fr\\\/trails\\\/\",\"name\":\"[FR] Trails - Nova Scotia Good Cheer Trail\",\"isPartOf\":{\"@id\":\"https:\\\/\\\/goodcheertrail.com\\\/fr\\\/#website\"},\"primaryImageOfPage\":{\"@id\":\"https:\\\/\\\/goodcheertrail.com\\\/fr\\\/trails\\\/#primaryimage\"},\"image\":{\"@id\":\"https:\\\/\\\/goodcheertrail.com\\\/fr\\\/trails\\\/#primaryimage\"},\"thumbnailUrl\":\"https:\\\/\\\/goodcheertrail.com\\\/wp-content\\\/uploads\\\/2017\\\/05\\\/logo_goodcheer.png\",\"datePublished\":\"2017-04-20T14:09:00+00:00\",\"dateModified\":\"2021-05-26T18:12:17+00:00\",\"description\":\"Cr\u00e9\u00e9 en respectant les traditions familiales m\u00ealant histoire et innovation, le Good Cheer Trail est un barom\u00e8tre du pass\u00e9, du pr\u00e9sent et du futur de la Nouvelle-\u00c9cosse.\",\"breadcrumb\":{\"@id\":\"https:\\\/\\\/goodcheertrail.com\\\/fr\\\/trails\\\/#breadcrumb\"},\"inLanguage\":\"fr-FR\",\"potentialAction\":[{\"@type\":\"ReadAction\",\"target\":[\"https:\\\/\\\/goodcheertrail.com\\\/fr\\\/trails\\\/\"]}]},{\"@type\":\"ImageObject\",\"inLanguage\":\"fr-FR\",\"@id\":\"https:\\\/\\\/goodcheertrail.com\\\/fr\\\/trails\\\/#primaryimage\",\"url\":\"https:\\\/\\\/goodcheertrail.com\\\/wp-content\\\/uploads\\\/2017\\\/05\\\/logo_goodcheer.png\",\"contentUrl\":\"https:\\\/\\\/goodcheertrail.com\\\/wp-content\\\/uploads\\\/2017\\\/05\\\/logo_goodcheer.png\"},{\"@type\":\"BreadcrumbList\",\"@id\":\"https:\\\/\\\/goodcheertrail.com\\\/fr\\\/trails\\\/#breadcrumb\",\"itemListElement\":[{\"@type\":\"ListItem\",\"position\":1,\"name\":\"Home\",\"item\":\"https:\\\/\\\/goodcheertrail.com\\\/fr\\\/\"},{\"@type\":\"ListItem\",\"position\":2,\"name\":\"[FR] Trails\"}]},{\"@type\":\"WebSite\",\"@id\":\"https:\\\/\\\/goodcheertrail.com\\\/fr\\\/#website\",\"url\":\"https:\\\/\\\/goodcheertrail.com\\\/fr\\\/\",\"name\":\"Nova Scotia Good Cheer Trail\",\"description\":\"\",\"publisher\":{\"@id\":\"https:\\\/\\\/goodcheertrail.com\\\/fr\\\/#organization\"},\"potentialAction\":[{\"@type\":\"SearchAction\",\"target\":{\"@type\":\"EntryPoint\",\"urlTemplate\":\"https:\\\/\\\/goodcheertrail.com\\\/fr\\\/?s={search_term_string}\"},\"query-input\":{\"@type\":\"PropertyValueSpecification\",\"valueRequired\":true,\"valueName\":\"search_term_string\"}}],\"inLanguage\":\"fr-FR\"},{\"@type\":\"Organization\",\"@id\":\"https:\\\/\\\/goodcheertrail.com\\\/fr\\\/#organization\",\"name\":\"Nova Scotia Good Cheer Trail\",\"url\":\"https:\\\/\\\/goodcheertrail.com\\\/fr\\\/\",\"logo\":{\"@type\":\"ImageObject\",\"inLanguage\":\"fr-FR\",\"@id\":\"https:\\\/\\\/goodcheertrail.com\\\/fr\\\/#\\\/schema\\\/logo\\\/image\\\/\",\"url\":\"https:\\\/\\\/goodcheertrail.com\\\/wp-content\\\/uploads\\\/2018\\\/05\\\/good-cheer-trail-logo.png\",\"contentUrl\":\"https:\\\/\\\/goodcheertrail.com\\\/wp-content\\\/uploads\\\/2018\\\/05\\\/good-cheer-trail-logo.png\",\"width\":340,\"height\":340,\"caption\":\"Nova Scotia Good Cheer Trail\"},\"image\":{\"@id\":\"https:\\\/\\\/goodcheertrail.com\\\/fr\\\/#\\\/schema\\\/logo\\\/image\\\/\"},\"sameAs\":[\"https:\\\/\\\/www.facebook.com\\\/TasteofNS\\\/\",\"https:\\\/\\\/x.com\\\/tasteofns\",\"https:\\\/\\\/www.instagram.com\\\/goodcheertrail\\\/\"]}]}<\/script>\n<!-- \/ Yoast SEO plugin. -->","yoast_head_json":{"title":"[FR] Trails - Nova Scotia Good Cheer Trail","description":"Cr\u00e9\u00e9 en respectant les traditions familiales m\u00ealant histoire et innovation, le Good Cheer Trail est un barom\u00e8tre du pass\u00e9, du pr\u00e9sent et du futur de la Nouvelle-\u00c9cosse.","robots":{"index":"noindex","follow":"follow"},"og_locale":"fr_FR","og_type":"article","og_title":"[FR] Trails - Nova Scotia Good Cheer Trail","og_description":"Cr\u00e9\u00e9 en respectant les traditions familiales m\u00ealant histoire et innovation, le Good Cheer Trail est un barom\u00e8tre du pass\u00e9, du pr\u00e9sent et du futur de la Nouvelle-\u00c9cosse.","og_url":"https:\/\/goodcheertrail.com\/fr\/trails\/","og_site_name":"Nova Scotia Good Cheer Trail","article_publisher":"https:\/\/www.facebook.com\/TasteofNS\/","article_modified_time":"2021-05-26T18:12:17+00:00","og_image":[{"url":"https:\/\/goodcheertrail.com\/wp-content\/uploads\/2017\/05\/logo_goodcheer.png","type":"","width":"","height":""}],"twitter_card":"summary_large_image","twitter_site":"@tasteofns","twitter_misc":{"Est. reading time":"1 minute"},"schema":{"@context":"https:\/\/schema.org","@graph":[{"@type":"WebPage","@id":"https:\/\/goodcheertrail.com\/fr\/trails\/","url":"https:\/\/goodcheertrail.com\/fr\/trails\/","name":"[FR] Trails - Nova Scotia Good Cheer Trail","isPartOf":{"@id":"https:\/\/goodcheertrail.com\/fr\/#website"},"primaryImageOfPage":{"@id":"https:\/\/goodcheertrail.com\/fr\/trails\/#primaryimage"},"image":{"@id":"https:\/\/goodcheertrail.com\/fr\/trails\/#primaryimage"},"thumbnailUrl":"https:\/\/goodcheertrail.com\/wp-content\/uploads\/2017\/05\/logo_goodcheer.png","datePublished":"2017-04-20T14:09:00+00:00","dateModified":"2021-05-26T18:12:17+00:00","description":"Cr\u00e9\u00e9 en respectant les traditions familiales m\u00ealant histoire et innovation, le Good Cheer Trail est un barom\u00e8tre du pass\u00e9, du pr\u00e9sent et du futur de la Nouvelle-\u00c9cosse.","breadcrumb":{"@id":"https:\/\/goodcheertrail.com\/fr\/trails\/#breadcrumb"},"inLanguage":"fr-FR","potentialAction":[{"@type":"ReadAction","target":["https:\/\/goodcheertrail.com\/fr\/trails\/"]}]},{"@type":"ImageObject","inLanguage":"fr-FR","@id":"https:\/\/goodcheertrail.com\/fr\/trails\/#primaryimage","url":"https:\/\/goodcheertrail.com\/wp-content\/uploads\/2017\/05\/logo_goodcheer.png","contentUrl":"https:\/\/goodcheertrail.com\/wp-content\/uploads\/2017\/05\/logo_goodcheer.png"},{"@type":"BreadcrumbList","@id":"https:\/\/goodcheertrail.com\/fr\/trails\/#breadcrumb","itemListElement":[{"@type":"ListItem","position":1,"name":"Home","item":"https:\/\/goodcheertrail.com\/fr\/"},{"@type":"ListItem","position":2,"name":"[FR] Trails"}]},{"@type":"WebSite","@id":"https:\/\/goodcheertrail.com\/fr\/#website","url":"https:\/\/goodcheertrail.com\/fr\/","name":"Nova Scotia Good Cheer Trail","description":"","publisher":{"@id":"https:\/\/goodcheertrail.com\/fr\/#organization"},"potentialAction":[{"@type":"SearchAction","target":{"@type":"EntryPoint","urlTemplate":"https:\/\/goodcheertrail.com\/fr\/?s={search_term_string}"},"query-input":{"@type":"PropertyValueSpecification","valueRequired":true,"valueName":"search_term_string"}}],"inLanguage":"fr-FR"},{"@type":"Organization","@id":"https:\/\/goodcheertrail.com\/fr\/#organization","name":"Nova Scotia Good Cheer Trail","url":"https:\/\/goodcheertrail.com\/fr\/","logo":{"@type":"ImageObject","inLanguage":"fr-FR","@id":"https:\/\/goodcheertrail.com\/fr\/#\/schema\/logo\/image\/","url":"https:\/\/goodcheertrail.com\/wp-content\/uploads\/2018\/05\/good-cheer-trail-logo.png","contentUrl":"https:\/\/goodcheertrail.com\/wp-content\/uploads\/2018\/05\/good-cheer-trail-logo.png","width":340,"height":340,"caption":"Nova Scotia Good Cheer Trail"},"image":{"@id":"https:\/\/goodcheertrail.com\/fr\/#\/schema\/logo\/image\/"},"sameAs":["https:\/\/www.facebook.com\/TasteofNS\/","https:\/\/x.com\/tasteofns","https:\/\/www.instagram.com\/goodcheertrail\/"]}]}},"_links":{"self":[{"href":"https:\/\/goodcheertrail.com\/fr\/wp-json\/wp\/v2\/pages\/14076","targetHints":{"allow":["GET"]}}],"collection":[{"href":"https:\/\/goodcheertrail.com\/fr\/wp-json\/wp\/v2\/pages"}],"about":[{"href":"https:\/\/goodcheertrail.com\/fr\/wp-json\/wp\/v2\/types\/page"}],"author":[{"embeddable":true,"href":"https:\/\/goodcheertrail.com\/fr\/wp-json\/wp\/v2\/users\/5"}],"replies":[{"embeddable":true,"href":"https:\/\/goodcheertrail.com\/fr\/wp-json\/wp\/v2\/comments?post=14076"}],"version-history":[{"count":0,"href":"https:\/\/goodcheertrail.com\/fr\/wp-json\/wp\/v2\/pages\/14076\/revisions"}],"wp:attachment":[{"href":"https:\/\/goodcheertrail.com\/fr\/wp-json\/wp\/v2\/media?parent=14076"}],"curies":[{"name":"wp","href":"https:\/\/api.w.org\/{rel}","templated":true}]}}